{"id":11705,"date":"2025-05-15T15:08:49","date_gmt":"2025-05-15T15:08:49","guid":{"rendered":"https:\/\/www.ghmintl.com\/?page_id=11705"},"modified":"2025-05-16T10:12:08","modified_gmt":"2025-05-16T10:12:08","slug":"strium","status":"publish","type":"page","link":"https:\/\/www.ghmintl.com\/en\/nos-produits\/design-edition\/strium\/","title":{"rendered":"Strium"},"content":{"rendered":"<div class=\"block hero-banner-black\">\n            <img decoding=\"async\" class=\"motif-right width-ghm-2\" src=\"https:\/\/www.ghmintl.com\/wp-content\/themes\/eclatec\/assets\/images\/motifs\/motif-black-hero.svg\" alt=\"black hero motif\">\n            <div class=\"description-hero\">\n                <div class=\"wrapper-inner-block wrapper-max-width\">\n                                            <div>\n                            <p><\/p>\n                        <\/div>\n                                                                <div data-aos=\"fade-up\" data-aos-easing=\"ease\">\n                            \n\n<h1 class=\"wp-block-heading\">Strium<\/h1>\n\n\n\n<p>Design by : GHM<br><br>Combined with a wide range of furniture, STRIUM brings a new, resolutely contemporary decorative dimension to the city.<br>With this happy touch, STRIUM facilitates the integration of furniture into the urban space.<br>The STRIUM process is implemented at the end of the production line, in the GHM workshops.<br>It applies to bollards, posts, barriers or bike racks with cylindrical sections in steel and stainless steel.<\/p>\n\n                        <\/div>\n                                    <\/div><!-- \/.wrapper-inner-block -->\n            <\/div><!-- \/.description-hero -->\n            <a href=\"#start\" class=\"anchor\"><\/a>\n\t\t<\/div><!-- \/.block -->\n        <a id=\"start\"><\/a>\n\t\t\n\n\n\t\t<div class=\"block products-list pb-50 pb-lg-100\">\n                        <div class=\"wrapper-listing padding-large-element wrapper-max-width\">\n                <div class=\"wrapper-text\">\n                                            <div class=\"block__content\">\n                            \n\n<h2 class=\"wp-block-heading\">Strium line products<\/h2>\n\n                        <\/div><!-- \/.block__content -->\n                                    <\/div><!-- \/.wrapper-text -->\n                                    <div class=\"product-listing js-product-listing mt-30 mt-lg-60\">\n                                                                                <a href=\"https:\/\/www.ghmintl.com\/en\/catalog\/barriere-strium\/\" class=\"text-decoration-none color-white\">\n                                <div class=\"product-item bg-black\">\n                                                                            <div class=\"wrapper-img\">\n                                            <img loading=\"lazy\" decoding=\"async\" width=\"1080\" height=\"700\" src=\"https:\/\/www.ghmintl.com\/wp-content\/uploads\/2025\/02\/HD-barr-strium.png\" class=\"contain-image skip-lazy\" alt=\"\" srcset=\"https:\/\/www.ghmintl.com\/wp-content\/uploads\/2025\/02\/HD-barr-strium.png 1080w, https:\/\/www.ghmintl.com\/wp-content\/uploads\/2025\/02\/HD-barr-strium-300x194.png 300w, https:\/\/www.ghmintl.com\/wp-content\/uploads\/2025\/02\/HD-barr-strium-768x498.png 768w\" sizes=\"auto, (max-width: 1080px) 100vw, 1080px\" \/>                                        <\/div>\n                                                                        <p class=\"color-white mt-10 mt-lg-20 position-relative d-inline-block with-corner small corner-white\">Strium barrier<\/p>\n                                <\/div>\n                            <\/a>\n                                                                                <a href=\"https:\/\/www.ghmintl.com\/en\/catalog\/borne-strium\/\" class=\"text-decoration-none color-white\">\n                                <div class=\"product-item bg-black\">\n                                                                            <div class=\"wrapper-img\">\n                                            <img loading=\"lazy\" decoding=\"async\" width=\"1080\" height=\"700\" src=\"https:\/\/www.ghmintl.com\/wp-content\/uploads\/2025\/02\/HD-borne-strium.png\" class=\"contain-image skip-lazy\" alt=\"\" srcset=\"https:\/\/www.ghmintl.com\/wp-content\/uploads\/2025\/02\/HD-borne-strium.png 1080w, https:\/\/www.ghmintl.com\/wp-content\/uploads\/2025\/02\/HD-borne-strium-300x194.png 300w, https:\/\/www.ghmintl.com\/wp-content\/uploads\/2025\/02\/HD-borne-strium-768x498.png 768w\" sizes=\"auto, (max-width: 1080px) 100vw, 1080px\" \/>                                        <\/div>\n                                                                        <p class=\"color-white mt-10 mt-lg-20 position-relative d-inline-block with-corner small corner-white\">Strium bollard<\/p>\n                                <\/div>\n                            <\/a>\n                                                                                <a href=\"https:\/\/www.ghmintl.com\/en\/catalog\/potelet-strium\/\" class=\"text-decoration-none color-white\">\n                                <div class=\"product-item bg-black\">\n                                                                            <div class=\"wrapper-img\">\n                                            <img loading=\"lazy\" decoding=\"async\" width=\"1080\" height=\"700\" src=\"https:\/\/www.ghmintl.com\/wp-content\/uploads\/2025\/02\/HD-strium-post.png\" class=\"contain-image skip-lazy\" alt=\"\" srcset=\"https:\/\/www.ghmintl.com\/wp-content\/uploads\/2025\/02\/HD-strium-post.png 1080w, https:\/\/www.ghmintl.com\/wp-content\/uploads\/2025\/02\/HD-strium-post-300x194.png 300w, https:\/\/www.ghmintl.com\/wp-content\/uploads\/2025\/02\/HD-strium-post-768x498.png 768w\" sizes=\"auto, (max-width: 1080px) 100vw, 1080px\" \/>                                        <\/div>\n                                                                        <p class=\"color-white mt-10 mt-lg-20 position-relative d-inline-block with-corner small corner-white\">Strium post<\/p>\n                                <\/div>\n                            <\/a>\n                                                                                <a href=\"https:\/\/www.ghmintl.com\/en\/catalog\/support-velo-strium\/\" class=\"text-decoration-none color-white\">\n                                <div class=\"product-item bg-black\">\n                                                                            <div class=\"wrapper-img\">\n                                            <img loading=\"lazy\" decoding=\"async\" width=\"1080\" height=\"700\" src=\"https:\/\/www.ghmintl.com\/wp-content\/uploads\/2025\/02\/HD-soft-strium.png\" class=\"contain-image skip-lazy\" alt=\"\" srcset=\"https:\/\/www.ghmintl.com\/wp-content\/uploads\/2025\/02\/HD-soft-strium.png 1080w, https:\/\/www.ghmintl.com\/wp-content\/uploads\/2025\/02\/HD-soft-strium-300x194.png 300w, https:\/\/www.ghmintl.com\/wp-content\/uploads\/2025\/02\/HD-soft-strium-768x498.png 768w\" sizes=\"auto, (max-width: 1080px) 100vw, 1080px\" \/>                                        <\/div>\n                                                                        <p class=\"color-white mt-10 mt-lg-20 position-relative d-inline-block with-corner small corner-white\">Strium bike rack<\/p>\n                                <\/div>\n                            <\/a>\n                                            <\/div><!-- \/.product-listing -->\n                            <\/div><!-- \/.wrapper-blogs -->\n            <div class=\"wrapper-loading\">\n                <img decoding=\"async\" class=\"loading\" src=\"https:\/\/www.ghmintl.com\/wp-content\/themes\/eclatec\/assets\/images\/loading.gif\" alt=\"loader\">\n            <\/div>\n\t\t<\/div><!-- \/.block -->\n\t\t\n\n\n<div class=\"wp-block-columns are-vertically-aligned-center is-layout-flex wp-container-core-columns-is-layout-9d6595d7 wp-block-columns-is-layout-flex\">\n<div class=\"wp-block-column is-vertically-aligned-center is-layout-flow wp-block-column-is-layout-flow\" style=\"padding-top:0px;padding-right:150px;padding-bottom:100px;padding-left:150px;flex-basis:100%\">\n<h2 class=\"wp-block-heading\">Five motifs<\/h2>\n\n\n\n<p class=\"has-small-font-size\">Up to five shapes are available, depending on product type: Capitan, Helix, Traid, Triline and Ekos.<br>STRIUM naturally preserves the strength of its products.<br>It's also an elegant, long-lasting solution to graffiti and fly-posting.<\/p>\n\n\n\n<figure class=\"wp-block-gallery has-nested-images columns-5 is-cropped wp-block-gallery-1 is-layout-flex wp-block-gallery-is-layout-flex\" style=\"padding-top:var(--wp--preset--spacing--60)\">\n<figure class=\"wp-block-image size-large is-style-default\"><img loading=\"lazy\" decoding=\"async\" width=\"625\" height=\"625\" data-id=\"11776\" src=\"https:\/\/www.ghmintl.com\/wp-content\/uploads\/2025\/05\/motis-strium-2.jpg\" alt=\"\" class=\"wp-image-11776\" srcset=\"https:\/\/www.ghmintl.com\/wp-content\/uploads\/2025\/05\/motis-strium-2.jpg 625w, https:\/\/www.ghmintl.com\/wp-content\/uploads\/2025\/05\/motis-strium-2-300x300.jpg 300w, https:\/\/www.ghmintl.com\/wp-content\/uploads\/2025\/05\/motis-strium-2-150x150.jpg 150w, https:\/\/www.ghmintl.com\/wp-content\/uploads\/2025\/05\/motis-strium-2-12x12.jpg 12w\" sizes=\"auto, (max-width: 625px) 100vw, 625px\" \/><\/figure>\n\n\n\n<figure class=\"wp-block-image size-large\"><img loading=\"lazy\" decoding=\"async\" width=\"625\" height=\"625\" data-id=\"11775\" src=\"https:\/\/www.ghmintl.com\/wp-content\/uploads\/2025\/05\/motis-strium2-2.jpg\" alt=\"\" class=\"wp-image-11775\" srcset=\"https:\/\/www.ghmintl.com\/wp-content\/uploads\/2025\/05\/motis-strium2-2.jpg 625w, https:\/\/www.ghmintl.com\/wp-content\/uploads\/2025\/05\/motis-strium2-2-300x300.jpg 300w, https:\/\/www.ghmintl.com\/wp-content\/uploads\/2025\/05\/motis-strium2-2-150x150.jpg 150w, https:\/\/www.ghmintl.com\/wp-content\/uploads\/2025\/05\/motis-strium2-2-12x12.jpg 12w\" sizes=\"auto, (max-width: 625px) 100vw, 625px\" \/><\/figure>\n\n\n\n<figure class=\"wp-block-image size-large\"><img loading=\"lazy\" decoding=\"async\" width=\"625\" height=\"625\" data-id=\"11773\" src=\"https:\/\/www.ghmintl.com\/wp-content\/uploads\/2025\/05\/motis-strium3-2.jpg\" alt=\"\" class=\"wp-image-11773\" srcset=\"https:\/\/www.ghmintl.com\/wp-content\/uploads\/2025\/05\/motis-strium3-2.jpg 625w, https:\/\/www.ghmintl.com\/wp-content\/uploads\/2025\/05\/motis-strium3-2-300x300.jpg 300w, https:\/\/www.ghmintl.com\/wp-content\/uploads\/2025\/05\/motis-strium3-2-150x150.jpg 150w, https:\/\/www.ghmintl.com\/wp-content\/uploads\/2025\/05\/motis-strium3-2-12x12.jpg 12w\" sizes=\"auto, (max-width: 625px) 100vw, 625px\" \/><\/figure>\n\n\n\n<figure class=\"wp-block-image size-large\"><img loading=\"lazy\" decoding=\"async\" width=\"625\" height=\"625\" data-id=\"11774\" src=\"https:\/\/www.ghmintl.com\/wp-content\/uploads\/2025\/05\/motis-strium4-2.jpg\" alt=\"\" class=\"wp-image-11774\" srcset=\"https:\/\/www.ghmintl.com\/wp-content\/uploads\/2025\/05\/motis-strium4-2.jpg 625w, https:\/\/www.ghmintl.com\/wp-content\/uploads\/2025\/05\/motis-strium4-2-300x300.jpg 300w, https:\/\/www.ghmintl.com\/wp-content\/uploads\/2025\/05\/motis-strium4-2-150x150.jpg 150w, https:\/\/www.ghmintl.com\/wp-content\/uploads\/2025\/05\/motis-strium4-2-12x12.jpg 12w\" sizes=\"auto, (max-width: 625px) 100vw, 625px\" \/><\/figure>\n\n\n\n<figure class=\"wp-block-image size-large\"><img loading=\"lazy\" decoding=\"async\" width=\"625\" height=\"625\" data-id=\"11777\" src=\"https:\/\/www.ghmintl.com\/wp-content\/uploads\/2025\/05\/motis-strium5-2.jpg\" alt=\"\" class=\"wp-image-11777\" srcset=\"https:\/\/www.ghmintl.com\/wp-content\/uploads\/2025\/05\/motis-strium5-2.jpg 625w, https:\/\/www.ghmintl.com\/wp-content\/uploads\/2025\/05\/motis-strium5-2-300x300.jpg 300w, https:\/\/www.ghmintl.com\/wp-content\/uploads\/2025\/05\/motis-strium5-2-150x150.jpg 150w, https:\/\/www.ghmintl.com\/wp-content\/uploads\/2025\/05\/motis-strium5-2-12x12.jpg 12w\" sizes=\"auto, (max-width: 625px) 100vw, 625px\" \/><\/figure>\n<\/figure>\n<\/div>\n<\/div>","protected":false},"excerpt":{"rendered":"<p>Cinq motifs Jusqu\u2019\u00e0 cinq formes sont propos\u00e9es selon le type de produit : Capitan, Helix, Traid, Triline et Ekos.STRIUM pr\u00e9serve bien entendu la r\u00e9sistance des produits.Il constitue \u00e9galement une solution \u00e9l\u00e9gante et durable contre les graffiti et l\u2019affichage sauvage.<\/p>","protected":false},"author":10,"featured_media":0,"parent":10874,"menu_order":0,"comment_status":"closed","ping_status":"closed","template":"","meta":{"inline_featured_image":false,"footnotes":""},"class_list":["post-11705","page","type-page","status-publish","hentry"],"_links":{"self":[{"href":"https:\/\/www.ghmintl.com\/en\/wp-json\/wp\/v2\/pages\/11705","targetHints":{"allow":["GET"]}}],"collection":[{"href":"https:\/\/www.ghmintl.com\/en\/wp-json\/wp\/v2\/pages"}],"about":[{"href":"https:\/\/www.ghmintl.com\/en\/wp-json\/wp\/v2\/types\/page"}],"author":[{"embeddable":true,"href":"https:\/\/www.ghmintl.com\/en\/wp-json\/wp\/v2\/users\/10"}],"replies":[{"embeddable":true,"href":"https:\/\/www.ghmintl.com\/en\/wp-json\/wp\/v2\/comments?post=11705"}],"version-history":[{"count":29,"href":"https:\/\/www.ghmintl.com\/en\/wp-json\/wp\/v2\/pages\/11705\/revisions"}],"predecessor-version":[{"id":11787,"href":"https:\/\/www.ghmintl.com\/en\/wp-json\/wp\/v2\/pages\/11705\/revisions\/11787"}],"up":[{"embeddable":true,"href":"https:\/\/www.ghmintl.com\/en\/wp-json\/wp\/v2\/pages\/10874"}],"wp:attachment":[{"href":"https:\/\/www.ghmintl.com\/en\/wp-json\/wp\/v2\/media?parent=11705"}],"curies":[{"name":"wp","href":"https:\/\/api.w.org\/{rel}","templated":true}]}}